{"id":134,"date":"2020-07-23T17:47:09","date_gmt":"2020-07-23T17:47:09","guid":{"rendered":"https:\/\/cevambrasil.com.br\/site\/?page_id=134"},"modified":"2020-08-05T13:44:34","modified_gmt":"2020-08-05T13:44:34","slug":"perguntas-frequentes","status":"publish","type":"page","link":"https:\/\/cevambrasil.com.br\/site\/noticias\/perguntas-frequentes\/","title":{"rendered":"Perguntas Frequentes"},"content":{"rendered":"\n<p style=\"color:#0d0d0e\" class=\"has-text-color has-text-align-center has-medium-font-size\"><em><strong>PERGUNTAS FREQUENTES<\/strong><\/em><\/p>\n\n\n\n<ol class=\"wp-block-list\" type=\"1\"><li><span style=\"color:#0d0d0e\" class=\"has-inline-color\"><strong>O que \u00e9 o apadrinhamento afetivo?<\/strong><br>\u00c9 uma proposta de socializa\u00e7\u00e3o para que crian\u00e7as e adolescentes acolhidos institucionalmente possam ter acesso a experi\u00eancias sociais e culturais fora dos muros das institui\u00e7\u00f5es, e, para que criem la\u00e7os significativos com aqueles que ser\u00e3o um ponto de refer\u00eancia \u2013 as madrinhas e os padrinhos. Ou seja, voc\u00ea ser\u00e1 madrinha\/padrinho de uma crian\u00e7a ou um adolescente, que poder\u00e1 conviver com voc\u00ea e sua fam\u00edlia (fam\u00edlia madrinha), nos finais de semanas, f\u00e9rias e feriados prolongados.<br><br><\/span><\/li><li><span style=\"color:#0d0d0e\" class=\"has-inline-color\"><strong>Qual idade das crian\u00e7as que s\u00e3o contempladas pelo Programa de Apadrinhamento Afetivo?<\/strong><br>Crian\u00e7as de 04 (quatro) a 18 (dezoito) anos incompletos<br><br><\/span><\/li><li><span style=\"color:#0d0d0e\" class=\"has-inline-color\"><strong>Como apadrinhar?<\/strong><br>Comparecendo presencialmente ao escrit\u00f3rio do <em>CEVAM<\/em> com a documenta\u00e7\u00e3o necess\u00e1ria. \u00a0Esta pode ser encontrada na aba <a rel=\"noreferrer noopener\" href=\"https:\/\/cevambrasil.com.br\/site\/como-apadrinhar\/\" target=\"_blank\">Como apadrinhar?<\/a> <br><br><\/span><\/li><li><span style=\"color:#0d0d0e\" class=\"has-inline-color\"><strong>O Apadrinhamento Afetivo \u00e9 o primeiro passo para uma ado\u00e7\u00e3o?<\/strong><br>N\u00e3o. <br>O apadrinhamento e a ado\u00e7\u00e3o s\u00e3o processos muitos distintos. O Apadrinhamento Afetivo visa o acompanhamento de uma crian\u00e7a ou um adolescente enquanto ele se encontra institucionalizado, tendo como proposta que as madrinhas e os padrinhos do Programa sejam um ponto de refer\u00eancia aos infantojuvenis, de maneira a proporcionar novas experi\u00eancias e contribuir na constru\u00e7\u00e3o de suas subjetividades. Pode, inclusive, ser de car\u00e1ter provis\u00f3rio, por isso ter esta informa\u00e7\u00e3o em mente \u00e9 muito importante para que n\u00e3o haja a cria\u00e7\u00e3o de expectativas e consequentemente a frustra\u00e7\u00e3o, tanto das madrinhas e padrinhos, quanto das crian\u00e7as e dos adolescentes.<br><br><\/span><\/li><li><span style=\"color:#0d0d0e\" class=\"has-inline-color\"><strong>\u00c9 poss\u00edvel adotar a crian\u00e7a ou o adolescente que estou apadrinhando?<\/strong><br>Em toda a hist\u00f3ria do Programa de Apadrinhamento Afetivo realizado pelo <em>CEVAM<\/em> h\u00e1 v\u00e1rios casos de madrinhas e padrinhos que adotaram os seus afilhados. A equipe t\u00e9cnica do <em>CEVAM<\/em>, por\u00e9m, n\u00e3o tem como garantir para uma madrinha ou um padrinho que tal processo ser\u00e1 poss\u00edvel, uma vez que, o processo de ado\u00e7\u00e3o depende de v\u00e1rios fatores externos \u00e0 Entidade. Fatores como habilita\u00e7\u00e3o para a ado\u00e7\u00e3o e a exist\u00eancia da \u201cfila de espera\u201d para o processo, que n\u00e3o cabem ao <em>CEVAM<\/em> interferir.<br><br><\/span><\/li><li><span style=\"color:#0d0d0e\" class=\"has-inline-color\"><strong>H\u00e1 algum documento que me resguarde estando na companhia do meu afilhado?<\/strong><br>Sim!<br>\u00c0s madrinhas e aos padrinhos s\u00e3o entregues a <span style=\"text-decoration: underline;\">Carta de Credenciamento e um Termo de Responsabilidade<\/span>, e tais documentos apresentam uma data de validade. Quando alcan\u00e7ada\/vencida, a madrinha\/padrinho precisa informar ao <em>CEVAM<\/em> com anteced\u00eancia o vencimento, a fim de que a Entidade possa preparar uma nova documenta\u00e7\u00e3o, e a madrinha\/padrinho possa posteriormente se encaminhar ao escrit\u00f3rio para adquiri-la.\u00a0\u00c9 importante que sempre que a madrinha ou o padrinho estiver na companhia da(o) sua\/seu afilhada(o), e sempre que for busc\u00e1-la(o) e devolv\u00ea-la(o) na Institui\u00e7\u00e3o de Acolhimento (abrigo), esteja com estes documentos em m\u00e3os.<br><br><\/span><\/li><li><span style=\"color:#0d0d0e\" class=\"has-inline-color\"><strong>Posso viajar com a(o) afilhada(o)?<\/strong><br>Sim! <br>\u00c9 necess\u00e1ria a expedi\u00e7\u00e3o de documenta\u00e7\u00e3o espec\u00edfica, emitida pelo Juizado da Inf\u00e2ncia e da Juventude\/BH. Para tanto, a madrinha ou o padrinho deve avisar com anteced\u00eancia a inten\u00e7\u00e3o de viajar, informando ao <em>CEVAM<\/em> a data de ida, data de volta e o destino para que a documenta\u00e7\u00e3o seja providenciada e as demais orienta\u00e7\u00f5es sejam repassadas pela equipe t\u00e9cnica.<br><br><\/span><\/li><li><span style=\"color:#0d0d0e\" class=\"has-inline-color\"><strong>N\u00e3o moro em Belo Horizonte, posso apadrinhar?<\/strong><br>O <em>CEVAM<\/em> atualmente contempla Belo Horizonte e a regi\u00e3o metropolitana, mas est\u00e1 com a inten\u00e7\u00e3o de crescer e contemplar mais munic\u00edpios em um futuro pr\u00f3ximo.<br><br><\/span><\/li><li><span style=\"color:#0d0d0e\" class=\"has-inline-color\"><strong>Se minha\/meu afilhada(o) machucar, como proceder?<\/strong><br>Qualquer tipo de acidente, ou seja, at\u00e9 mesmo os acidentes dom\u00e9sticos de menor intensidade \u00e9 orientado que as(os) madrinhas\/padrinhos encaminhem a crian\u00e7a ou o adolescente \u00e0 assist\u00eancia m\u00e9dica. Tal exig\u00eancia tem como objetivo precaver maiores complica\u00e7\u00f5es, como por exemplo, rea\u00e7\u00f5es adversas causadas pelo uso de algum medicamento ou rea\u00e7\u00f5es advindas de doen\u00e7as org\u00e2nicas. Dessa forma, nesses casos, <span style=\"text-decoration: underline;\">n\u00e3o \u00e9 recomendado <\/span>que a\/o madrinha\/padrinho trate a(o) afilhada(o) sem a media\u00e7\u00e3o de um profissional da sa\u00fade.<br><br><\/span><\/li><li><span style=\"color:#0d0d0e\" class=\"has-inline-color\"><strong>Nos casos em que a(o) afilhada(o) faz uso de algum tipo de medicamento, o que fazer?<\/strong><br>Recomenda-se que as madrinhas e os padrinhos colham esta informa\u00e7\u00e3o nas Unidades de Acolhimento assim que iniciarem o apadrinhamento. Importante ressaltar que, em casos onde a(o) afilhada(o) fa\u00e7a uso de algum medicamento, o mesmo deve ser disponibilizado pela pr\u00f3pria Unidade de Acolhimento contendo todas as informa\u00e7\u00f5es necess\u00e1rias. Nos casos em que as(os) madrinhas\/padrinhos se disponibilizarem a comprar o medicamento posteriormente, s\u00f3 poder\u00e1 realizar tal a\u00e7\u00e3o com a autoriza\u00e7\u00e3o da casa de acolhimento.<br><br><\/span><\/li><li><span style=\"color:#0d0d0e\" class=\"has-inline-color\"><strong>Se minha\/meu afilhada(o) evadir, como proceder?<\/strong><br>As crian\u00e7as e os adolescentes apadrinhados s\u00e3o de inteira responsabilidade de suas madrinhas e padrinhos. Por isso, todo cuidado, amor, afeto e responsabilidade devem ser oferecidos tal como a outros membros da fam\u00edlia madrinhas.<br>Assim, em casos de evas\u00e3o, \u00e9 necess\u00e1rio que seja feito um Boletim de Ocorr\u00eancia, junto a Pol\u00edcia Militar\/MG, bem como acionar e comunicar \u00e0s Entidades do Programa (<em>CEVAM<\/em> e Unidade de Acolhimento de origem do infantojuvenil).<\/span><\/li><\/ol>\n\n\n\n<p><\/p>\n","protected":false},"excerpt":{"rendered":"<p>PERGUNTAS FREQUENTES O que \u00e9 o apadrinhamento afetivo?\u00c9 uma proposta de socializa\u00e7\u00e3o para que crian\u00e7as e adolescentes acolhidos institucionalmente possam ter acesso a experi\u00eancias sociais e culturais fora dos muros das institui\u00e7\u00f5es, e, para que criem la\u00e7os significativos com aqueles que ser\u00e3o um ponto de refer\u00eancia \u2013 as madrinhas e os padrinhos. Ou seja, voc\u00ea &#8230;.&nbsp;&nbsp;<a class=\" special\" href=\"https:\/\/cevambrasil.com.br\/site\/noticias\/perguntas-frequentes\/\">Continuar Lendo<\/a><\/p>\n","protected":false},"author":1,"featured_media":0,"parent":23,"menu_order":0,"comment_status":"closed","ping_status":"closed","template":"","meta":{"ngg_post_thumbnail":0,"pagelayer_contact_templates":[],"_pagelayer_content":"","footnotes":""},"class_list":["post-134","page","type-page","status-publish","hentry"],"_links":{"self":[{"href":"https:\/\/cevambrasil.com.br\/site\/wp-json\/wp\/v2\/pages\/134","targetHints":{"allow":["GET"]}}],"collection":[{"href":"https:\/\/cevambrasil.com.br\/site\/wp-json\/wp\/v2\/pages"}],"about":[{"href":"https:\/\/cevambrasil.com.br\/site\/wp-json\/wp\/v2\/types\/page"}],"author":[{"embeddable":true,"href":"https:\/\/cevambrasil.com.br\/site\/wp-json\/wp\/v2\/users\/1"}],"replies":[{"embeddable":true,"href":"https:\/\/cevambrasil.com.br\/site\/wp-json\/wp\/v2\/comments?post=134"}],"version-history":[{"count":12,"href":"https:\/\/cevambrasil.com.br\/site\/wp-json\/wp\/v2\/pages\/134\/revisions"}],"predecessor-version":[{"id":293,"href":"https:\/\/cevambrasil.com.br\/site\/wp-json\/wp\/v2\/pages\/134\/revisions\/293"}],"up":[{"embeddable":true,"href":"https:\/\/cevambrasil.com.br\/site\/wp-json\/wp\/v2\/pages\/23"}],"wp:attachment":[{"href":"https:\/\/cevambrasil.com.br\/site\/wp-json\/wp\/v2\/media?parent=134"}],"curies":[{"name":"wp","href":"https:\/\/api.w.org\/{rel}","templated":true}]}}