{"id":20,"date":"2020-07-08T13:59:22","date_gmt":"2020-07-08T13:59:22","guid":{"rendered":"https:\/\/cevambrasil.com.br\/site\/?page_id=20"},"modified":"2021-07-22T17:05:35","modified_gmt":"2021-07-22T17:05:35","slug":"como-apadrinhar","status":"publish","type":"page","link":"https:\/\/cevambrasil.com.br\/site\/como-apadrinhar\/","title":{"rendered":"Como Apadrinhar?"},"content":{"rendered":"\n<p style=\"color:#0d0d0e\" class=\"has-text-color has-text-align-center\"><em>\u201cO apadrinhamento \u00e9 um ato de amor e carinho que promove conviv\u00eancia <\/em><br><em>familiar, ajudando na constru\u00e7\u00e3o das crian\u00e7as e dos adolescentes\u2019\u2019.<\/em><br><em>Ananias Neves Ferreira               <\/em><br><\/p>\n\n\n\n<div class=\"wp-block-group\"><div class=\"wp-block-group__inner-container is-layout-flow wp-block-group-is-layout-flow\">\n<figure class=\"wp-block-gallery aligncenter columns-1 wp-block-gallery-1 is-layout-flex wp-block-gallery-is-layout-flex\"><ul class=\"blocks-gallery-grid\"><li class=\"blocks-gallery-item\"><figure><img loading=\"lazy\" decoding=\"async\" width=\"300\" height=\"199\" src=\"https:\/\/cevambrasil.com.br\/site\/wp-content\/uploads\/2020\/07\/Lu-CEVAM-site-300x199.jpg\" alt=\"\" data-id=\"123\" data-full-url=\"https:\/\/cevambrasil.com.br\/site\/wp-content\/uploads\/2020\/07\/Lu-CEVAM-site.jpg\" data-link=\"https:\/\/cevambrasil.com.br\/site\/como-apadrinhar\/lu-cevam-site\/\" class=\"wp-image-123\" srcset=\"https:\/\/cevambrasil.com.br\/site\/wp-content\/uploads\/2020\/07\/Lu-CEVAM-site-300x199.jpg 300w, https:\/\/cevambrasil.com.br\/site\/wp-content\/uploads\/2020\/07\/Lu-CEVAM-site-768x511.jpg 768w, https:\/\/cevambrasil.com.br\/site\/wp-content\/uploads\/2020\/07\/Lu-CEVAM-site-830x552.jpg 830w, https:\/\/cevambrasil.com.br\/site\/wp-content\/uploads\/2020\/07\/Lu-CEVAM-site-230x153.jpg 230w, https:\/\/cevambrasil.com.br\/site\/wp-content\/uploads\/2020\/07\/Lu-CEVAM-site.jpg 892w\" sizes=\"auto, (max-width: 300px) 100vw, 300px\" \/><\/figure><\/li><\/ul><\/figure>\n<\/div><\/div>\n\n\n\n<p style=\"color:#0d0d0e\" class=\"has-text-color has-text-align-center\"><br><strong>Habilita\u00e7\u00e3o para o Programa: Como funciona?<\/strong><\/p>\n\n\n\n<ul class=\"wp-block-list\"><li><span style=\"color:#0d0d0e\" class=\"has-inline-color\">Preenchimento da <span style=\"text-decoration: underline;\">Ficha de Inscri\u00e7\u00e3o da Fam\u00edlia Madrinha<\/span> no escrit\u00f3rio do <em>CEVAM<\/em>.<\/span><\/li><li><span style=\"color:#0d0d0e\" class=\"has-inline-color\">Apresentar toda a documenta\u00e7\u00e3o exigida no ato da inscri\u00e7\u00e3o.<\/span><\/li><li><span style=\"color:#0d0d0e\" class=\"has-inline-color\">Ter reconhecida idoneidade moral.<\/span><\/li><li><span style=\"color:#0d0d0e\" class=\"has-inline-color\">Participar da entrevista preliminar, a ser realizada com a Psic\u00f3loga do <em>CEVAM<\/em>.<\/span><\/li><li><span style=\"color:#0d0d0e\" class=\"has-inline-color\">Consentir com visitas t\u00e9cnicas \u00e0 sua resid\u00eancia.<\/span><\/li><li><span style=\"color:#0d0d0e\" class=\"has-inline-color\">Ter disponibilidade de tempo para participar efetivamente da vida da(o) afilhada(o).<\/span><\/li><li><span style=\"color:#0d0d0e\" class=\"has-inline-color\">Ter desprendimento emocional para garantir \u00e0 crian\u00e7a valoriza\u00e7\u00e3o de sua hist\u00f3ria pessoal e familiar, respeitando a diversidade cultural.<\/span><\/li><li><span style=\"color:#0d0d0e\" class=\"has-inline-color\">Ter disponibilidade de apresentar ambiente familiar adequado e receptivo ao apadrinhamento.<\/span><\/li><li><span style=\"color:#0d0d0e\" class=\"has-inline-color\">Concordar e respeitar as regras e normas colocadas pelos respons\u00e1veis do Programa e das Unidades de Acolhimento.<\/span><\/li><\/ul>\n\n\n\n<hr class=\"wp-block-separator is-style-dots\"\/>\n\n\n\n<p style=\"color:#0d0d0e\" class=\"has-text-color has-text-align-center has-medium-font-size\"><strong>Primeiros passos<\/strong><\/p>\n\n\n\n<ol class=\"wp-block-list\"><li>Comparecer presencialmente ao <em style=\"color: rgb(13, 13, 14);\">CEVAM<\/em><span style=\"color: rgb(13, 13, 14);\"> para o preenchimento da Ficha de Inscri\u00e7\u00e3o da Fam\u00edlia Madrinha, e entrega da documenta\u00e7\u00e3o;<\/span><\/li><li>Levar toda a documenta\u00e7\u00e3o para in\u00edcio da avalia\u00e7\u00e3o do credenciamento (descri\u00e7\u00e3o abaixo);<\/li><li>\u00a0Aguardar o contato para a entrevista com a(o) Psic\u00f3loga(o) do Programa.<\/li><\/ol>\n\n\n\n<div class=\"wp-block-group is-layout-flow wp-block-group-is-layout-flow\"><div class=\"wp-block-group__inner-container\"><\/div><\/div>\n\n\n\n<p style=\"color:#0d0d0e\" class=\"has-text-color has-text-align-center has-medium-font-size\"><strong>Documentos necess\u00e1rios ao programa de Apadrinhamento&nbsp;<\/strong><\/p>\n\n\n\n<p style=\"color:#0d0d0e\" class=\"has-text-color\"><strong>(Original e C\u00f3pia Xerox)<\/strong><\/p>\n\n\n\n<ol class=\"wp-block-list\"><li><span class=\"has-inline-color has-very-dark-gray-color\">Carteira de identidade e CPF;<\/span><\/li><li><span class=\"has-inline-color has-very-dark-gray-color\">Comprovante de resid\u00eancia;<\/span><\/li><li><span class=\"has-inline-color has-very-dark-gray-color\">Certid\u00f5es negativas de antecedentes <strong>criminais<\/strong> expedida pelos F\u00f3runs Criminais da Justi\u00e7a Federal e Estadual;<\/span><\/li><\/ol>\n\n\n\n<p><em>Links<\/em><\/p>\n\n\n\n<ul class=\"wp-block-list\"><li><span class=\"has-inline-color has-very-dark-gray-color\">Federal<br>Acesse <a href=\"https:\/\/sistemas.trf1.jus.br\/certidao\/#\/solicitacao\">https:\/\/sistemas.trf1.jus.br\/certidao\/#\/solicitacao<\/a><br>Selecione o Tipo de Certid\u00e3o: Criminal <br>Selecione o \u00f3rg\u00e3o: Tribunal Regional  Federal da 1\u00aa Regi\u00e3o <br>Digite seu CPF <\/span><\/li><\/ul>\n\n\n\n<ul class=\"wp-block-list\"><li><span class=\"has-inline-color has-very-dark-gray-color\">Estadual <br>Acesse <a rel=\"noreferrer noopener\" href=\"http:\/\/rupe.tjmg.jus.br\/rupe\/justica\/publico\/certidoes\/criarSolicitacaoCertidao.rupe?solicitacaoPublica=true\" target=\"_blank\">http:\/\/rupe.tjmg.jus.br\/rupe\/justica\/publico\/certidoes\/criarSolicitacaoCertidao.rupe?solicitacaoPublica=true<\/a><br>Selecione 1\u00aa Inst\u00e2ncia de Tipo: Normal<br>Selecione Natureza: Criminal <br>Selecione Comarca: Belo Horizonte<br>Preencha o restante com seus dados<br>No campo C\u00f3digo de Verifica\u00e7\u00e3o, clique &#8220;Gerar C\u00f3digo&#8221; e escolha &#8220;Enviar&#8221;. <br>Receba este c\u00f3digo no e-mail informado e digite-o neste campo. <br>Sua certid\u00e3o pode ser gerada automaticamente ou pode demorar de acordo com a demanda do sistema. Basta ficar atento a data informada, a sua caixa de entrada do e-mail e aguardar.<\/span><\/li><\/ul>\n\n\n\n<ol class=\"wp-block-list\" start=\"4\"><li><span style=\"color:#0d0d0e\" class=\"has-inline-color\">Atestados negativos e antecedentes <strong>criminais<\/strong> expedidos pela Pol\u00edcia Civil\/Minas Gerais e Pol\u00edcia Federal;<\/span><\/li><\/ol>\n\n\n\n<p><em>\u00a0<span class=\"has-inline-color has-very-dark-gray-color\">Links<\/span><\/em><\/p>\n\n\n\n<p><a href=\"https:\/\/wwws.pc.mg.gov.br\/atestado\/solicitarsel.do?evento=x&amp;fwPlc=s\" target=\"_blank\" rel=\"noreferrer noopener\">https:\/\/wwws.pc.mg.gov.br\/atestado\/solicitarsel.do?evento=x&amp;fwPlc=s<\/a><\/p>\n\n\n\n<p><a href=\"https:\/\/servicos.dpf.gov.br\/antecedentes-criminais\/certidao\" target=\"_blank\" rel=\"noreferrer noopener\">https:\/\/servicos.dpf.gov.br\/antecedentes-criminais\/certidao<\/a><\/p>\n\n\n\n<ol class=\"wp-block-list\" start=\"5\"><li><span class=\"has-inline-color has-very-dark-gray-color\">Comprovante de Estado Civil: Certid\u00e3o de Nascimento, Certid\u00e3o de Casamento ou de Uni\u00e3o Est\u00e1vel;<\/span><\/li><li><span class=\"has-inline-color has-very-dark-gray-color\">Declara\u00e7\u00e3o de concord\u00e2ncia com o apadrinhamento assinada pelas demais pessoas maiores de 18 (dezoito) anos de idade residentes no domic\u00edlio.<\/span><\/li><\/ol>\n\n\n\n<hr class=\"wp-block-separator is-style-dots\"\/>\n\n\n\n<p style=\"color:#0d0d0e\" class=\"has-text-color has-text-align-center has-medium-font-size\"><strong>OBSERVA\u00c7\u00c3O<\/strong><\/p>\n\n\n\n<p style=\"color:#0d0d0e\" class=\"has-text-color has-text-align-center\"><strong>DOCUMENTA\u00c7\u00c3O NECESS\u00c1RIA PARA TODAS AS PESSOAS MAIORES DE 18 (dezoito) ANOS RESIDENTES NA MESMA CASA.<\/strong><\/p>\n","protected":false},"excerpt":{"rendered":"<p>\u201cO apadrinhamento \u00e9 um ato de amor e carinho que promove conviv\u00eancia familiar, ajudando na constru\u00e7\u00e3o das crian\u00e7as e dos adolescentes\u2019\u2019.Ananias Neves Ferreira Habilita\u00e7\u00e3o para o Programa: Como funciona? Preenchimento da Ficha de Inscri\u00e7\u00e3o da Fam\u00edlia Madrinha no escrit\u00f3rio do CEVAM. Apresentar toda a documenta\u00e7\u00e3o exigida no ato da inscri\u00e7\u00e3o. Ter reconhecida idoneidade moral. Participar &#8230;.&nbsp;&nbsp;<a class=\" special\" href=\"https:\/\/cevambrasil.com.br\/site\/como-apadrinhar\/\">Continuar Lendo<\/a><\/p>\n","protected":false},"author":1,"featured_media":0,"parent":0,"menu_order":0,"comment_status":"closed","ping_status":"closed","template":"","meta":{"ngg_post_thumbnail":0,"pagelayer_contact_templates":[],"_pagelayer_content":"","footnotes":""},"class_list":["post-20","page","type-page","status-publish","hentry"],"_links":{"self":[{"href":"https:\/\/cevambrasil.com.br\/site\/wp-json\/wp\/v2\/pages\/20","targetHints":{"allow":["GET"]}}],"collection":[{"href":"https:\/\/cevambrasil.com.br\/site\/wp-json\/wp\/v2\/pages"}],"about":[{"href":"https:\/\/cevambrasil.com.br\/site\/wp-json\/wp\/v2\/types\/page"}],"author":[{"embeddable":true,"href":"https:\/\/cevambrasil.com.br\/site\/wp-json\/wp\/v2\/users\/1"}],"replies":[{"embeddable":true,"href":"https:\/\/cevambrasil.com.br\/site\/wp-json\/wp\/v2\/comments?post=20"}],"version-history":[{"count":16,"href":"https:\/\/cevambrasil.com.br\/site\/wp-json\/wp\/v2\/pages\/20\/revisions"}],"predecessor-version":[{"id":448,"href":"https:\/\/cevambrasil.com.br\/site\/wp-json\/wp\/v2\/pages\/20\/revisions\/448"}],"wp:attachment":[{"href":"https:\/\/cevambrasil.com.br\/site\/wp-json\/wp\/v2\/media?parent=20"}],"curies":[{"name":"wp","href":"https:\/\/api.w.org\/{rel}","templated":true}]}}