{"id":26,"date":"2020-07-08T19:36:19","date_gmt":"2020-07-08T19:36:19","guid":{"rendered":"https:\/\/cevambrasil.com.br\/site\/?page_id=26"},"modified":"2020-11-12T11:30:18","modified_gmt":"2020-11-12T11:30:18","slug":"depoimentos","status":"publish","type":"page","link":"https:\/\/cevambrasil.com.br\/site\/depoimentos\/","title":{"rendered":"Depoimentos"},"content":{"rendered":"\n<p style=\"color:#0d0d0e\" class=\"has-text-color has-text-align-center\"><em>&#8220;Ser profundamente amado por algu\u00e9m lhe d\u00e1 for\u00e7as, <\/em><br><em>amar algu\u00e9m profundamente lhe d\u00e1 coragem.&#8221;<\/em><br><br><\/p>\n\n\n\n<p style=\"color:#0d0d0e\" class=\"has-text-color has-text-align-center\"><strong>JUAREZ, SOLANGE &amp; FILHOS<\/strong><\/p>\n\n\n\n<div class=\"wp-block-image\"><figure class=\"aligncenter size-medium\"><img loading=\"lazy\" decoding=\"async\" width=\"300\" height=\"195\" src=\"https:\/\/cevambrasil.com.br\/site\/wp-content\/uploads\/2020\/08\/image-3-300x195.png\" alt=\"\" class=\"wp-image-329\" srcset=\"https:\/\/cevambrasil.com.br\/site\/wp-content\/uploads\/2020\/08\/image-3-300x195.png 300w, https:\/\/cevambrasil.com.br\/site\/wp-content\/uploads\/2020\/08\/image-3-768x499.png 768w, https:\/\/cevambrasil.com.br\/site\/wp-content\/uploads\/2020\/08\/image-3-830x539.png 830w, https:\/\/cevambrasil.com.br\/site\/wp-content\/uploads\/2020\/08\/image-3-230x149.png 230w, https:\/\/cevambrasil.com.br\/site\/wp-content\/uploads\/2020\/08\/image-3.png 953w\" sizes=\"auto, (max-width: 300px) 100vw, 300px\" \/><\/figure><\/div>\n\n\n\n<p style=\"color:#0d0d0e\" class=\"has-text-color has-text-align-center\"><\/p>\n\n\n\n<p style=\"color:#0d0d0e\" class=\"has-text-color\">&#8220;Meu nome \u00e9 Solange, moro em Belo Horizonte, sou casada e possuo uma linda fam\u00edlia. Gostaria de compartilhar em algumas palavras uma fase da minha vida que transformou nossa fam\u00edlia.<br>Em 2011, ap\u00f3s 14 anos de casada, minha fam\u00edlia e eu planejamos ter um novo filho para completar e alegrar ainda mais. Em mar\u00e7o do mesmo recebemos a noticia de que est\u00e1vamos gr\u00e1vidos, mas n\u00e3o imagin\u00e1vamos como essa experi\u00eancia seria avassaladora para nossa fam\u00edlia. J\u00e1 no primeiro ultrassom fomos informados que nosso beb\u00ea era especial. Foi uma gravidez de alto risco acompanhada por m\u00e9dicos especialistas. Minha filha nasceu no final do mesmo ano com S\u00edndrome de Turner e, em maio de 2012, faleceu devido a v\u00e1rias complica\u00e7\u00f5es ocasionadas pela doen\u00e7a. Foi um dos per\u00edodos mais tristes de nossas vidas.<br>Apesar disso, no ano seguinte, em 2012, fui convidada por uma amiga a participar do projeto de apadrinhamento afetivo, do CEVAM. Por meio do Programa Com Viver, nos vimos diante da oportunidade de fazer algo diferente e bom: proporcionar a felicidade \u00e0 uma crian\u00e7a e trazer muita alegria para nosso lar! Foi um encontro muito marcante! N\u00e3o fizemos op\u00e7\u00f5es por idade ou sexo e foi assim que <em>Jo\u00e3o (nome fict\u00edcio)<\/em> entrou em nossas vidas. No primeiro encontro ficamos encantados com <em>Jo\u00e3o<\/em>, que \u00e9 um menino muito extrovertido, falante e alegre!<br>Vivemos v\u00e1rias experi\u00eancias marcantes nesse processo. Lembro-me da alegria do <em>Jo\u00e3o<\/em> e de todas as crian\u00e7as que viviam no abrigo, quando cheg\u00e1vamos l\u00e1. Todas elas queriam abra\u00e7os, brincar e o nosso carinho. No abrigo, as crian\u00e7as s\u00e3o muito bem cuidadas, mas infelizmente sentem falta de conviver em fam\u00edlia.\u00a0 Meu garoto passou por dois processos de ado\u00e7\u00e3o frustrados, e foi a\u00ed, que a diretora do abrigo nos contatou e perguntou se t\u00ednhamos a inten\u00e7\u00e3o de adot\u00e1-lo. Bem&#8230; foi uma surpresa para mim, mas em fam\u00edlia decidimos e aceitamos com muita alegria!<br>A maior dificuldade que experimentamos no processo de ado\u00e7\u00e3o foi a necessidade e a import\u00e2ncia de aprender a conviver com uma crian\u00e7a que chegou com seis anos de idade em nossa fam\u00edlia. Uma crian\u00e7a com forma\u00e7\u00e3o e cria\u00e7\u00e3o totalmente diferente de nossa fam\u00edlia. N\u00e3o foi f\u00e1cil e os desafios continuam, mas apesar disso <em>Jo\u00e3o<\/em> \u00e9 muito amado por nossos familiares e amigos!.Todos os dias temos aprendido a am\u00e1-lo ainda mais, pois aprendi que nessa vida n\u00e3o importa s\u00f3 seu filho ter sa\u00fade, mas sim ele ser <em>seu filho<\/em>, independente do g\u00eanero, religi\u00e3o, sangue ou qualquer argumento que limite o amor. O amor a um filho \u00e9 incondicional e supera todos os desafios. Recebo com todo meu amor e carinho meu filho <em>Jo\u00e3o<\/em>, que me ensina todos os dias o exerc\u00edcio de amar!\u201d <br><em>(Texto escrito pela ex-madrinha, e, agora m\u00e3e, Solange)<\/em><br><em>(O nome da crian\u00e7a foi substitu\u00eddo por um nome fict\u00edcio, para proteger sua identidade)<\/em><br><br><span style=\"text-decoration: underline;\"><em>Depoimentos dos demais membros fam\u00edlia da Solange:<\/em><\/span><br><br>&#8220;Nos anos de conviv\u00eancia com o <em>Jo\u00e3o<\/em>, n\u00e3o foram somente flores, mas o beneficio trazido para nossas vidas supera tudo. Para mim, filho \u00e9 muito mais do que sangue, te amo, Filho!\u2019&#8221;  <em>(Juarez, pai do Jo\u00e3o)<br><\/em><br>&#8220;Quando eu era pequeno, fui tirado da minha fam\u00edlia porque minha m\u00e3e bebia muito e n\u00e3o tinha condi\u00e7\u00f5es de me cuidar. Fui para o abrigo e n\u00e3o gostava de morar no abrigo, mas agrade\u00e7o por terem cuidado de mim, porque l\u00e1 tamb\u00e9m tive a oportunidade de conhecer minha nova fam\u00edlia atrav\u00e9s do apadrinhamento. Eu era muito levado, dava trabalho na escola, mas nunca fui de brigar. Quando eram meus padrinhos, j\u00e1 me ajudavam na educa\u00e7\u00e3o, e hoje agrade\u00e7o \u00e0 Deus por serem meus pais e tamb\u00e9m por ter uma irm\u00e3. Amo muito a minha fam\u00edlia!&#8221; <em>(Jo\u00e3o &#8211; nome fict\u00edcio)<br><\/em><br>&#8220;A chegada do <em>Jo\u00e3o<\/em> em nossas vidas foi muito turbulenta, porque ele vivia em um ritmo diferente do que est\u00e1vamos acostumados a viver, mas hoje sou grata \u00e0 Deus por t\u00ea-lo enviando para completar nossas vidas! Ele \u00e9 a pe\u00e7a que faltava, meu irm\u00e3o!&#8221; <em>(Ingredy, irm\u00e3 do Jo\u00e3o)<\/em><br><br><\/p>\n\n\n\n<p style=\"color:#0d0d0e\" class=\"has-text-color has-text-align-center\"><strong>MARIA JOS\u00c9 &amp; FAM\u00cdLIA<\/strong><\/p>\n\n\n\n<div class=\"wp-block-image\"><figure class=\"aligncenter size-large\"><img loading=\"lazy\" decoding=\"async\" width=\"348\" height=\"252\" src=\"https:\/\/cevambrasil.com.br\/site\/wp-content\/uploads\/2020\/08\/image-5.png\" alt=\"\" class=\"wp-image-340\" srcset=\"https:\/\/cevambrasil.com.br\/site\/wp-content\/uploads\/2020\/08\/image-5.png 348w, https:\/\/cevambrasil.com.br\/site\/wp-content\/uploads\/2020\/08\/image-5-300x217.png 300w, https:\/\/cevambrasil.com.br\/site\/wp-content\/uploads\/2020\/08\/image-5-230x167.png 230w\" sizes=\"auto, (max-width: 348px) 100vw, 348px\" \/><\/figure><\/div>\n\n\n\n<p style=\"color:#0d0d0e\" class=\"has-text-color\">&#8220;O <em>Bruno<\/em> uniu nossa fam\u00edlia. Todo mundo passou a se sentar \u00e0 mesa, a conversar mais. Ser m\u00e3e \u00e9 muito bom! Hoje me sinto a pessoa mais feliz do mundo. O \u00fanico problema com filho \u00e9 na hora de repreender. Mas eu chamo a aten\u00e7\u00e3o, vou \u00e0 escola se o professor pede, enfim, eu fa\u00e7o tudo. Todos meus parentes, vizinhos e amigos gostam muito do <em>Bruno<\/em>! Agora \u00e9 uma alegria s\u00f3, a fam\u00edlia toda reunida&#8230; com visitas constantes de outros irm\u00e3os, sobrinhos e primos. Se lhe demos um lar, ele nos trouxe a felicidade!&#8221; <em>(Maria Jos\u00e9, atualmente, m\u00e3e do <em>Bruno<\/em> e sua irm\u00e3 Maria Em\u00edlia).<\/em><br><br><em>(O nome da crian\u00e7a foi substitu\u00eddo por um nome fict\u00edcio, para proteger sua identidade)<\/em><\/p>\n\n\n\n<p style=\"color:#0d0d0e\" class=\"has-text-color has-text-align-center\"><strong>HELTON &amp; IRENE<\/strong><\/p>\n\n\n\n<div class=\"wp-block-image\"><figure class=\"aligncenter size-medium\"><img loading=\"lazy\" decoding=\"async\" width=\"300\" height=\"225\" src=\"https:\/\/cevambrasil.com.br\/site\/wp-content\/uploads\/2020\/08\/irene-300x225.jpeg\" alt=\"\" class=\"wp-image-358\" srcset=\"https:\/\/cevambrasil.com.br\/site\/wp-content\/uploads\/2020\/08\/irene-300x225.jpeg 300w, https:\/\/cevambrasil.com.br\/site\/wp-content\/uploads\/2020\/08\/irene-768x575.jpeg 768w, https:\/\/cevambrasil.com.br\/site\/wp-content\/uploads\/2020\/08\/irene-830x622.jpeg 830w, https:\/\/cevambrasil.com.br\/site\/wp-content\/uploads\/2020\/08\/irene-230x172.jpeg 230w, https:\/\/cevambrasil.com.br\/site\/wp-content\/uploads\/2020\/08\/irene.jpeg 1024w\" sizes=\"auto, (max-width: 300px) 100vw, 300px\" \/><\/figure><\/div>\n\n\n\n<p style=\"color:#0d0d0e\" class=\"has-text-color\"><span style=\"color:#050b0e\" class=\"has-inline-color\">\u201c\u00c9 com muita alegria e satisfa\u00e7\u00e3o que eu venho falar sobre o Apadrinhamento Afetivo! O Apadrinhamento, para mim, foi um presente divino, pois por meio dele, posso participar e contribuir para a constru\u00e7\u00e3o e desenvolvimento de uma vida. \u00c9 gratificante ver o olhar de encantamento e esperan\u00e7a das crian\u00e7as com as oportunidades que podemos oferecer \u00e0 elas por meio do Programa (viagens, idas a restaurantes, brincadeiras, momentos juntos aos finais de semana). O Programa Com Viver, trouxe somente alegrias para a minha fam\u00edlia! Agrade\u00e7o \u00e0 toda equipe do CEVAM pela oportunidade de dividir e multiplicar minha vida e da <em>Ana<\/em>!\u201d  <\/span><br><span style=\"color:#050b0e\" class=\"has-inline-color\"><em>(Irene madrinha da Ana)<\/em><\/span><br><em>(O nome da crian\u00e7a foi substitu\u00eddo por um nome fict\u00edcio, para proteger sua identidade)<\/em><\/p>\n","protected":false},"excerpt":{"rendered":"<p>&#8220;Ser profundamente amado por algu\u00e9m lhe d\u00e1 for\u00e7as, amar algu\u00e9m profundamente lhe d\u00e1 coragem.&#8221; JUAREZ, SOLANGE &amp; FILHOS &#8220;Meu nome \u00e9 Solange, moro em Belo Horizonte, sou casada e possuo uma linda fam\u00edlia. Gostaria de compartilhar em algumas palavras uma fase da minha vida que transformou nossa fam\u00edlia.Em 2011, ap\u00f3s 14 anos de casada, minha &#8230;.&nbsp;&nbsp;<a class=\" special\" href=\"https:\/\/cevambrasil.com.br\/site\/depoimentos\/\">Continuar Lendo<\/a><\/p>\n","protected":false},"author":1,"featured_media":0,"parent":0,"menu_order":0,"comment_status":"closed","ping_status":"closed","template":"","meta":{"ngg_post_thumbnail":0,"pagelayer_contact_templates":[],"_pagelayer_content":"","footnotes":""},"class_list":["post-26","page","type-page","status-publish","hentry"],"_links":{"self":[{"href":"https:\/\/cevambrasil.com.br\/site\/wp-json\/wp\/v2\/pages\/26","targetHints":{"allow":["GET"]}}],"collection":[{"href":"https:\/\/cevambrasil.com.br\/site\/wp-json\/wp\/v2\/pages"}],"about":[{"href":"https:\/\/cevambrasil.com.br\/site\/wp-json\/wp\/v2\/types\/page"}],"author":[{"embeddable":true,"href":"https:\/\/cevambrasil.com.br\/site\/wp-json\/wp\/v2\/users\/1"}],"replies":[{"embeddable":true,"href":"https:\/\/cevambrasil.com.br\/site\/wp-json\/wp\/v2\/comments?post=26"}],"version-history":[{"count":25,"href":"https:\/\/cevambrasil.com.br\/site\/wp-json\/wp\/v2\/pages\/26\/revisions"}],"predecessor-version":[{"id":434,"href":"https:\/\/cevambrasil.com.br\/site\/wp-json\/wp\/v2\/pages\/26\/revisions\/434"}],"wp:attachment":[{"href":"https:\/\/cevambrasil.com.br\/site\/wp-json\/wp\/v2\/media?parent=26"}],"curies":[{"name":"wp","href":"https:\/\/api.w.org\/{rel}","templated":true}]}}